{"id":10296,"date":"2024-01-12T12:06:01","date_gmt":"2024-01-12T10:06:01","guid":{"rendered":"https:\/\/maxilaria.shop\/product\/%cf%80%ce%bb%ce%b1%cf%8a%ce%bd%ce%ac-%cf%84%cf%81%ce%b1%cf%80%ce%b5%ce%b6%ce%ac%ce%ba%ce%b9%ce%b1-%ce%b1%cf%80%cf%8c-%cf%83%cf%85%ce%bd%ce%b8%ce%b5%cf%84%ce%b9%ce%ba%cf%8c-rattan-304840\/"},"modified":"2026-04-08T16:12:31","modified_gmt":"2026-04-08T13:12:31","slug":"boho-trapezaki-saloniou-nana-apo-natural-rattan-set-2-temachion-304840","status":"publish","type":"product","link":"https:\/\/maxilaria.shop\/en\/product\/boho-trapezaki-saloniou-nana-apo-natural-rattan-set-2-temachion-304840\/","title":{"rendered":"Boho \u03a4\u03c1\u03b1\u03c0\u03b5\u03b6\u03ac\u03ba\u03b9 \u03a3\u03b1\u03bb\u03bf\u03bd\u03b9\u03bf\u03cd Nana \u03b1\u03c0\u03cc Natural Rattan (\u03a3\u03b5\u03c4 2 \u03a4\u03b5\u03bc\u03b1\u03c7\u03af\u03c9\u03bd) \u2013 304840"},"content":{"rendered":"<p data-start=\"147\" data-end=\"446\">\u03a4\u03bf <strong data-start=\"150\" data-end=\"181\">\u03c3\u03b5\u03c4 \u03c4\u03c1\u03b1\u03c0\u03b5\u03b6\u03b9\u03ce\u03bd \u03c3\u03b1\u03bb\u03bf\u03bd\u03b9\u03bf\u03cd Nana<\/strong> \u03c3\u03b5 <strong data-start=\"185\" data-end=\"199\">boho style<\/strong> \u03b1\u03c0\u03bf\u03c4\u03b5\u03bb\u03b5\u03af \u03bc\u03af\u03b1 \u03c6\u03c5\u03c3\u03b9\u03ba\u03ae \u03ba\u03b1\u03b9 \u03ba\u03bf\u03bc\u03c8\u03ae \u03b5\u03c0\u03b9\u03bb\u03bf\u03b3\u03ae \u03b3\u03b9\u03b1 \u03c7\u03ce\u03c1\u03bf\u03c5\u03c2 \u03bc\u03b5 \u03c7\u03b1\u03bb\u03b1\u03c1\u03ae \u03ba\u03b1\u03b9 \u03bc\u03bf\u03bd\u03c4\u03ad\u03c1\u03bd\u03b1 \u03b1\u03b9\u03c3\u03b8\u03b7\u03c4\u03b9\u03ba\u03ae. \u039a\u03b1\u03c4\u03b1\u03c3\u03ba\u03b5\u03c5\u03b1\u03c3\u03bc\u03ad\u03bd\u03b1 \u03b1\u03c0\u03cc <strong data-start=\"302\" data-end=\"334\">natural rattan \u03ba\u03b1\u03b9 PE rattan<\/strong>, \u03c4\u03b1 \u03b4\u03cd\u03bf \u03c4\u03c1\u03b1\u03c0\u03b5\u03b6\u03ac\u03ba\u03b9\u03b1 \u03c3\u03c5\u03bd\u03b4\u03c5\u03ac\u03b6\u03bf\u03c5\u03bd \u03c4\u03b7\u03bd \u03b1\u03c5\u03b8\u03b5\u03bd\u03c4\u03b9\u03ba\u03ae \u03c5\u03c6\u03ae \u03c4\u03c9\u03bd \u03c6\u03c5\u03c3\u03b9\u03ba\u03ce\u03bd \u03c5\u03bb\u03b9\u03ba\u03ce\u03bd \u03bc\u03b5 \u03c4\u03b7\u03bd \u03b1\u03bd\u03c4\u03bf\u03c7\u03ae \u03c4\u03c9\u03bd \u03c3\u03cd\u03b3\u03c7\u03c1\u03bf\u03bd\u03c9\u03bd \u03c3\u03c5\u03bd\u03b8\u03b5\u03c4\u03b9\u03ba\u03ce\u03bd \u03b9\u03bd\u03ce\u03bd.<\/p>\n<p data-start=\"448\" data-end=\"748\">\u03a4\u03bf <strong data-start=\"451\" data-end=\"476\">\u03c3\u03c5\u03bd\u03b8\u03b5\u03c4\u03b9\u03ba\u03cc rattan (PE)<\/strong> \u03c0\u03c1\u03bf\u03c3\u03c6\u03ad\u03c1\u03b5\u03b9 \u03c5\u03c8\u03b7\u03bb\u03ae \u03b1\u03bd\u03c4\u03bf\u03c7\u03ae \u03c3\u03c4\u03b9\u03c2 <strong data-start=\"505\" data-end=\"535\">UV \u03b1\u03ba\u03c4\u03af\u03bd\u03b5\u03c2 \u03ba\u03b1\u03b9 \u03c4\u03b7\u03bd \u03c5\u03b3\u03c1\u03b1\u03c3\u03af\u03b1<\/strong>, \u03ba\u03b1\u03b8\u03b9\u03c3\u03c4\u03ce\u03bd\u03c4\u03b1\u03c2 \u03c4\u03bf \u03c3\u03b5\u03c4 \u03ba\u03b1\u03c4\u03ac\u03bb\u03bb\u03b7\u03bb\u03bf \u03b3\u03b9\u03b1 <strong data-start=\"570\" data-end=\"608\">\u03b5\u03c3\u03c9\u03c4\u03b5\u03c1\u03b9\u03ba\u03bf\u03cd\u03c2 \u03ba\u03b1\u03b9 \u03b5\u03be\u03c9\u03c4\u03b5\u03c1\u03b9\u03ba\u03bf\u03cd\u03c2 \u03c7\u03ce\u03c1\u03bf\u03c5\u03c2<\/strong>. \u039f\u03b9 \u03c3\u03c4\u03c1\u03bf\u03b3\u03b3\u03c5\u03bb\u03ad\u03c2 \u03c6\u03cc\u03c1\u03bc\u03b5\u03c2 \u03ba\u03b1\u03b9 \u03b7 \u03c6\u03c5\u03c3\u03b9\u03ba\u03ae \u03b1\u03c0\u03cc\u03c7\u03c1\u03c9\u03c3\u03b7 \u03b4\u03b7\u03bc\u03b9\u03bf\u03c5\u03c1\u03b3\u03bf\u03cd\u03bd \u03b6\u03b5\u03c3\u03c4\u03ae \u03b1\u03c4\u03bc\u03cc\u03c3\u03c6\u03b1\u03b9\u03c1\u03b1 \u03ba\u03b1\u03b9 \u03c4\u03b1\u03b9\u03c1\u03b9\u03ac\u03b6\u03bf\u03c5\u03bd \u03b9\u03b4\u03b1\u03bd\u03b9\u03ba\u03ac \u03c3\u03b5 <strong data-start=\"708\" data-end=\"747\">boho, coastal \u03ba\u03b1\u03b9 resort \u03b4\u03b9\u03b1\u03ba\u03cc\u03c3\u03bc\u03b7\u03c3\u03b7<\/strong>.<\/p>\n<p data-start=\"750\" data-end=\"860\">\u03a4\u03b1 \u03b4\u03cd\u03bf \u03c4\u03c1\u03b1\u03c0\u03b5\u03b6\u03ac\u03ba\u03b9\u03b1 \u03bc\u03c0\u03bf\u03c1\u03bf\u03cd\u03bd \u03bd\u03b1 \u03c7\u03c1\u03b7\u03c3\u03b9\u03bc\u03bf\u03c0\u03bf\u03b9\u03b7\u03b8\u03bf\u03cd\u03bd \u03bc\u03b1\u03b6\u03af \u03ae \u03be\u03b5\u03c7\u03c9\u03c1\u03b9\u03c3\u03c4\u03ac, \u03c0\u03c1\u03bf\u03c3\u03c6\u03ad\u03c1\u03bf\u03bd\u03c4\u03b1\u03c2 \u03b5\u03c5\u03b5\u03bb\u03b9\u03be\u03af\u03b1 \u03c3\u03c4\u03b7 \u03b4\u03b9\u03b1\u03bc\u03cc\u03c1\u03c6\u03c9\u03c3\u03b7 \u03c4\u03bf\u03c5 \u03c7\u03ce\u03c1\u03bf\u03c5.<\/p>\n<h3 data-section-id=\"eb5tk9\" data-start=\"862\" data-end=\"888\">\u0394\u03b9\u03b1\u03c3\u03c4\u03ac\u03c3\u03b5\u03b9\u03c2 \u03c0\u03c1\u03bf\u03ca\u03cc\u03bd\u03c4\u03c9\u03bd<\/h3>\n<ul data-start=\"889\" data-end=\"922\">\n<li data-section-id=\"88h3cg\" data-start=\"889\" data-end=\"905\">\u03a650 \u00d7 28H cm<\/li>\n<li data-section-id=\"ydp3x6\" data-start=\"906\" data-end=\"922\">\u03a660 \u00d7 30H cm<\/li>\n<\/ul>\n<h3 data-section-id=\"rpbuih\" data-start=\"924\" data-end=\"944\">\u03a7\u03b1\u03c1\u03b1\u03ba\u03c4\u03b7\u03c1\u03b9\u03c3\u03c4\u03b9\u03ba\u03ac<\/h3>\n<ul data-start=\"945\" data-end=\"1225\">\n<li data-section-id=\"1qdznwo\" data-start=\"945\" data-end=\"967\">\u03a3\u03b5\u03c4 <strong data-start=\"951\" data-end=\"965\">2 \u03c4\u03b5\u03bc\u03b1\u03c7\u03af\u03c9\u03bd<\/strong><\/li>\n<li data-section-id=\"z09m3y\" data-start=\"968\" data-end=\"1016\">\u039a\u03b1\u03c4\u03b1\u03c3\u03ba\u03b5\u03c5\u03ae \u03b1\u03c0\u03cc <strong data-start=\"984\" data-end=\"1014\">natural rattan &amp; PE rattan<\/strong><\/li>\n<li data-section-id=\"88c8s9\" data-start=\"1017\" data-end=\"1056\"><strong data-start=\"1019\" data-end=\"1034\">Boho design<\/strong> \u03bc\u03b5 \u03c6\u03c5\u03c3\u03b9\u03ba\u03ae \u03b1\u03b9\u03c3\u03b8\u03b7\u03c4\u03b9\u03ba\u03ae<\/li>\n<li data-section-id=\"oyd8to\" data-start=\"1057\" data-end=\"1102\">\u0391\u03bd\u03b8\u03b5\u03ba\u03c4\u03b9\u03ba\u03cc \u03c3\u03b5 <strong data-start=\"1072\" data-end=\"1100\">UV \u03b1\u03ba\u03c4\u03b9\u03bd\u03bf\u03b2\u03bf\u03bb\u03af\u03b1 &amp; \u03c5\u03b3\u03c1\u03b1\u03c3\u03af\u03b1<\/strong><\/li>\n<li data-section-id=\"1vkvplb\" data-start=\"1103\" data-end=\"1151\">\u039a\u03b1\u03c4\u03ac\u03bb\u03bb\u03b7\u03bb\u03bf \u03b3\u03b9\u03b1 <strong data-start=\"1119\" data-end=\"1149\">\u03b5\u03c3\u03c9\u03c4\u03b5\u03c1\u03b9\u03ba\u03cc &amp; \u03b5\u03be\u03c9\u03c4\u03b5\u03c1\u03b9\u03ba\u03cc \u03c7\u03ce\u03c1\u03bf<\/strong><\/li>\n<li data-section-id=\"f0sbpp\" data-start=\"1152\" data-end=\"1186\">\u0395\u03bb\u03b1\u03c6\u03c1\u03b9\u03ac \u03ba\u03b1\u03b9 \u03c0\u03c1\u03b1\u03ba\u03c4\u03b9\u03ba\u03ae \u03ba\u03b1\u03c4\u03b1\u03c3\u03ba\u03b5\u03c5\u03ae<\/li>\n<li data-section-id=\"1lmcoqx\" data-start=\"1187\" data-end=\"1225\">\u0394\u03c5\u03bd\u03b1\u03c4\u03cc\u03c4\u03b7\u03c4\u03b1 \u03c7\u03c1\u03ae\u03c3\u03b7\u03c2 \u03bc\u03b1\u03b6\u03af \u03ae \u03be\u03b5\u03c7\u03c9\u03c1\u03b9\u03c3\u03c4\u03ac<\/li>\n<\/ul>","protected":false},"excerpt":{"rendered":"<p>\u03a3\u03b5\u03c4 <strong data-start=\"1265\" data-end=\"1294\">2 \u03c4\u03c1\u03b1\u03c0\u03b5\u03b6\u03b9\u03ce\u03bd \u03c3\u03b1\u03bb\u03bf\u03bd\u03b9\u03bf\u03cd Nana<\/strong> \u03b1\u03c0\u03cc <strong data-start=\"1299\" data-end=\"1322\">natural &amp; PE rattan<\/strong> \u03c3\u03b5 boho \u03c3\u03c4\u03c5\u03bb. <strong data-start=\"1337\" data-end=\"1373\">\u0394\u03b9\u03b1\u03c3\u03c4\u03ac\u03c3\u03b5\u03b9\u03c2: \u00d850\u00d728H &amp; \u00d860\u00d730H cm<\/strong>. \u039a\u03b1\u03c4\u03ac\u03bb\u03bb\u03b7\u03bb\u03bf \u03b3\u03b9\u03b1 \u03b5\u03c3\u03c9\u03c4\u03b5\u03c1\u03b9\u03ba\u03cc \u03ba\u03b1\u03b9 \u03b5\u03be\u03c9\u03c4\u03b5\u03c1\u03b9\u03ba\u03cc \u03c7\u03ce\u03c1\u03bf.<\/p>","protected":false},"featured_media":10295,"template":"","meta":[],"product_brand":[],"product_cat":[114,132],"product_tag":[],"class_list":{"0":"post-10296","1":"product","2":"type-product","3":"status-publish","4":"has-post-thumbnail","6":"product_cat-esoterikou-chorou","7":"product_cat-trapezakia-stool","8":"product_shipping_class-large","10":"first","11":"instock","12":"taxable","13":"shipping-taxable","14":"purchasable","15":"product-type-simple"},"_links":{"self":[{"href":"https:\/\/maxilaria.shop\/en\/wp-json\/wp\/v2\/product\/10296","targetHints":{"allow":["GET"]}}],"collection":[{"href":"https:\/\/maxilaria.shop\/en\/wp-json\/wp\/v2\/product"}],"about":[{"href":"https:\/\/maxilaria.shop\/en\/wp-json\/wp\/v2\/types\/product"}],"version-history":[{"count":3,"href":"https:\/\/maxilaria.shop\/en\/wp-json\/wp\/v2\/product\/10296\/revisions"}],"predecessor-version":[{"id":15357,"href":"https:\/\/maxilaria.shop\/en\/wp-json\/wp\/v2\/product\/10296\/revisions\/15357"}],"wp:featuredmedia":[{"embeddable":true,"href":"https:\/\/maxilaria.shop\/en\/wp-json\/wp\/v2\/media\/10295"}],"wp:attachment":[{"href":"https:\/\/maxilaria.shop\/en\/wp-json\/wp\/v2\/media?parent=10296"}],"wp:term":[{"taxonomy":"product_brand","embeddable":true,"href":"https:\/\/maxilaria.shop\/en\/wp-json\/wp\/v2\/product_brand?post=10296"},{"taxonomy":"product_cat","embeddable":true,"href":"https:\/\/maxilaria.shop\/en\/wp-json\/wp\/v2\/product_cat?post=10296"},{"taxonomy":"product_tag","embeddable":true,"href":"https:\/\/maxilaria.shop\/en\/wp-json\/wp\/v2\/product_tag?post=10296"}],"curies":[{"name":"wp","href":"https:\/\/api.w.org\/{rel}","templated":true}]}}