{"id":10537,"date":"2024-01-12T12:08:19","date_gmt":"2024-01-12T10:08:19","guid":{"rendered":"https:\/\/maxilaria.shop\/product\/%ce%b2%ce%bf%ce%b7%ce%b8%ce%b7%cf%84%ce%b9%ce%ba%ce%ac-%cf%84%cf%81%ce%b1%cf%80%ce%b5%ce%b6%ce%ac%ce%ba%ce%b9%ce%b1-%ce%b1%cf%80%cf%8c-%ce%be%cf%8d%ce%bb%ce%bf-teak-200232\/"},"modified":"2026-04-08T15:30:49","modified_gmt":"2026-04-08T12:30:49","slug":"set-trapezia-saloniou-linea-apo-masif-xylo-teak-2-temachia-200232","status":"publish","type":"product","link":"https:\/\/maxilaria.shop\/en\/product\/set-trapezia-saloniou-linea-apo-masif-xylo-teak-2-temachia-200232\/","title":{"rendered":"\u03a3\u03b5\u03c4 \u03a4\u03c1\u03b1\u03c0\u03ad\u03b6\u03b9\u03b1 \u03a3\u03b1\u03bb\u03bf\u03bd\u03b9\u03bf\u03cd Linea \u03b1\u03c0\u03cc \u039c\u03b1\u03c3\u03af\u03c6 \u039e\u03cd\u03bb\u03bf Teak (2 \u03a4\u03b5\u03bc\u03ac\u03c7\u03b9\u03b1) \u2013 200232"},"content":{"rendered":"<p data-start=\"142\" data-end=\"403\">\u03a4\u03bf <strong data-start=\"145\" data-end=\"177\">\u03c3\u03b5\u03c4 \u03c4\u03c1\u03b1\u03c0\u03b5\u03b6\u03b9\u03ce\u03bd \u03c3\u03b1\u03bb\u03bf\u03bd\u03b9\u03bf\u03cd Linea<\/strong> \u03b1\u03c0\u03cc <strong data-start=\"182\" data-end=\"201\">\u03bc\u03b1\u03c3\u03af\u03c6 \u03be\u03cd\u03bb\u03bf Teak<\/strong> \u03b1\u03c0\u03bf\u03c4\u03b5\u03bb\u03b5\u03af \u03bc\u03b9\u03b1 \u03ba\u03bf\u03bc\u03c8\u03ae \u03ba\u03b1\u03b9 \u03c0\u03c1\u03b1\u03ba\u03c4\u03b9\u03ba\u03ae \u03bb\u03cd\u03c3\u03b7 \u03b3\u03b9\u03b1 \u03c3\u03cd\u03b3\u03c7\u03c1\u03bf\u03bd\u03bf\u03c5\u03c2 \u03c7\u03ce\u03c1\u03bf\u03c5\u03c2. \u03a4\u03bf \u03c3\u03b5\u03c4 \u03c0\u03b5\u03c1\u03b9\u03bb\u03b1\u03bc\u03b2\u03ac\u03bd\u03b5\u03b9 <strong data-start=\"282\" data-end=\"310\">2 \u03c7\u03b5\u03b9\u03c1\u03bf\u03c0\u03bf\u03af\u03b7\u03c4\u03b1 \u03c4\u03c1\u03b1\u03c0\u03b5\u03b6\u03ac\u03ba\u03b9\u03b1<\/strong>, \u03c4\u03b1 \u03bf\u03c0\u03bf\u03af\u03b1 \u03bc\u03c0\u03bf\u03c1\u03bf\u03cd\u03bd \u03bd\u03b1 \u03c7\u03c1\u03b7\u03c3\u03b9\u03bc\u03bf\u03c0\u03bf\u03b9\u03b7\u03b8\u03bf\u03cd\u03bd \u03bc\u03b1\u03b6\u03af \u03ae \u03be\u03b5\u03c7\u03c9\u03c1\u03b9\u03c3\u03c4\u03ac, \u03c0\u03c1\u03bf\u03c3\u03c6\u03ad\u03c1\u03bf\u03bd\u03c4\u03b1\u03c2 \u03b5\u03c5\u03b5\u03bb\u03b9\u03be\u03af\u03b1 \u03c3\u03c4\u03b7 \u03b4\u03b9\u03b1\u03ba\u03cc\u03c3\u03bc\u03b7\u03c3\u03b7.<\/p>\n<p data-start=\"405\" data-end=\"733\">\u03a4\u03bf <strong data-start=\"408\" data-end=\"421\">\u03be\u03cd\u03bb\u03bf Teak<\/strong> \u03be\u03b5\u03c7\u03c9\u03c1\u03af\u03b6\u03b5\u03b9 \u03b3\u03b9\u03b1 \u03c4\u03b7 \u03bc\u03b5\u03b3\u03ac\u03bb\u03b7 \u03b1\u03bd\u03c4\u03bf\u03c7\u03ae \u03c4\u03bf\u03c5 \u03c3\u03c4\u03b7\u03bd \u03c5\u03b3\u03c1\u03b1\u03c3\u03af\u03b1, \u03c3\u03c4\u03b7\u03bd \u03b1\u03bb\u03bc\u03cd\u03c1\u03b1 \u03ba\u03b1\u03b9 \u03c3\u03c4\u03b9\u03c2 \u03ba\u03b1\u03b9\u03c1\u03b9\u03ba\u03ad\u03c2 \u03c3\u03c5\u03bd\u03b8\u03ae\u03ba\u03b5\u03c2, \u03ba\u03b1\u03b8\u03b9\u03c3\u03c4\u03ce\u03bd\u03c4\u03b1\u03c2 \u03c4\u03bf \u03b9\u03b4\u03b1\u03bd\u03b9\u03ba\u03cc \u03b3\u03b9\u03b1 \u03c7\u03c1\u03ae\u03c3\u03b7 \u03c4\u03cc\u03c3\u03bf \u03c3\u03b5 <strong data-start=\"552\" data-end=\"597\">\u03b5\u03c3\u03c9\u03c4\u03b5\u03c1\u03b9\u03ba\u03bf\u03cd\u03c2 \u03cc\u03c3\u03bf \u03ba\u03b1\u03b9 \u03c3\u03b5 \u03b5\u03be\u03c9\u03c4\u03b5\u03c1\u03b9\u03ba\u03bf\u03cd\u03c2 \u03c7\u03ce\u03c1\u03bf\u03c5\u03c2<\/strong>. \u03a4\u03b1 \u03c6\u03c5\u03c3\u03b9\u03ba\u03ac \u03bd\u03b5\u03c1\u03ac \u03c4\u03bf\u03c5 \u03be\u03cd\u03bb\u03bf\u03c5 \u03b4\u03b7\u03bc\u03b9\u03bf\u03c5\u03c1\u03b3\u03bf\u03cd\u03bd \u03ad\u03bd\u03b1 \u03b6\u03b5\u03c3\u03c4\u03cc \u03ba\u03b1\u03b9 \u03b4\u03b9\u03b1\u03c7\u03c1\u03bf\u03bd\u03b9\u03ba\u03cc \u03b1\u03c0\u03bf\u03c4\u03ad\u03bb\u03b5\u03c3\u03bc\u03b1 \u03c0\u03bf\u03c5 \u03c4\u03b1\u03b9\u03c1\u03b9\u03ac\u03b6\u03b5\u03b9 \u03c3\u03b5 <strong data-start=\"689\" data-end=\"732\">\u03bc\u03bf\u03bd\u03c4\u03ad\u03c1\u03bd\u03b1, minimal \u03ba\u03b1\u03b9 boho \u03c0\u03b5\u03c1\u03b9\u03b2\u03ac\u03bb\u03bb\u03bf\u03bd\u03c4\u03b1<\/strong>.<\/p>\n<p data-start=\"735\" data-end=\"828\">\u0399\u03b4\u03b1\u03bd\u03b9\u03ba\u03cc \u03b3\u03b9\u03b1 <strong data-start=\"747\" data-end=\"827\">\u03c3\u03b1\u03bb\u03cc\u03bd\u03b9, \u03ba\u03b1\u03b8\u03b9\u03c3\u03c4\u03b9\u03ba\u03cc, \u03b2\u03b5\u03c1\u03ac\u03bd\u03c4\u03b1, \u03be\u03b5\u03bd\u03bf\u03b4\u03bf\u03c7\u03b5\u03af\u03b1 \u03ba\u03b1\u03b9 \u03b5\u03c0\u03b1\u03b3\u03b3\u03b5\u03bb\u03bc\u03b1\u03c4\u03b9\u03ba\u03bf\u03cd\u03c2 \u03c7\u03ce\u03c1\u03bf\u03c5\u03c2 \u03c6\u03b9\u03bb\u03bf\u03be\u03b5\u03bd\u03af\u03b1\u03c2<\/strong>.<\/p>\n<h3 data-section-id=\"eb5tk9\" data-start=\"830\" data-end=\"856\">\u0394\u03b9\u03b1\u03c3\u03c4\u03ac\u03c3\u03b5\u03b9\u03c2 \u03c0\u03c1\u03bf\u03ca\u03cc\u03bd\u03c4\u03c9\u03bd<\/h3>\n<ul data-start=\"857\" data-end=\"900\">\n<li data-section-id=\"80x6cc\" data-start=\"857\" data-end=\"878\">116 \u00d7 60 \u00d7 46H cm<\/li>\n<li data-section-id=\"1boben0\" data-start=\"879\" data-end=\"900\">110 \u00d7 60 \u00d7 40H cm<\/li>\n<\/ul>\n<h3 data-section-id=\"rpbuih\" data-start=\"902\" data-end=\"922\">\u03a7\u03b1\u03c1\u03b1\u03ba\u03c4\u03b7\u03c1\u03b9\u03c3\u03c4\u03b9\u03ba\u03ac<\/h3>\n<ul data-start=\"923\" data-end=\"1189\">\n<li data-section-id=\"1qdznwo\" data-start=\"923\" data-end=\"945\">\u03a3\u03b5\u03c4 <strong data-start=\"929\" data-end=\"943\">2 \u03c4\u03b5\u03bc\u03b1\u03c7\u03af\u03c9\u03bd<\/strong><\/li>\n<li data-section-id=\"1906qvb\" data-start=\"946\" data-end=\"983\">\u039a\u03b1\u03c4\u03b1\u03c3\u03ba\u03b5\u03c5\u03ae \u03b1\u03c0\u03cc <strong data-start=\"962\" data-end=\"981\">\u03bc\u03b1\u03c3\u03af\u03c6 \u03be\u03cd\u03bb\u03bf Teak<\/strong><\/li>\n<li data-section-id=\"1f40db8\" data-start=\"984\" data-end=\"1010\"><strong data-start=\"986\" data-end=\"1001\">\u03a7\u03b5\u03b9\u03c1\u03bf\u03c0\u03bf\u03af\u03b7\u03c4\u03bf<\/strong> \u03c0\u03c1\u03bf\u03ca\u03cc\u03bd<\/li>\n<li data-section-id=\"1vkvplb\" data-start=\"1011\" data-end=\"1059\">\u039a\u03b1\u03c4\u03ac\u03bb\u03bb\u03b7\u03bb\u03bf \u03b3\u03b9\u03b1 <strong data-start=\"1027\" data-end=\"1057\">\u03b5\u03c3\u03c9\u03c4\u03b5\u03c1\u03b9\u03ba\u03cc &amp; \u03b5\u03be\u03c9\u03c4\u03b5\u03c1\u03b9\u03ba\u03cc \u03c7\u03ce\u03c1\u03bf<\/strong><\/li>\n<li data-section-id=\"1xw64st\" data-start=\"1060\" data-end=\"1111\">\u03a5\u03c8\u03b7\u03bb\u03ae \u03b1\u03bd\u03c4\u03bf\u03c7\u03ae \u03c3\u03b5 <strong data-start=\"1078\" data-end=\"1109\">\u03c5\u03b3\u03c1\u03b1\u03c3\u03af\u03b1 &amp; \u03ba\u03b1\u03b9\u03c1\u03b9\u03ba\u03ad\u03c2 \u03c3\u03c5\u03bd\u03b8\u03ae\u03ba\u03b5\u03c2<\/strong><\/li>\n<li data-section-id=\"ef9wfk\" data-start=\"1112\" data-end=\"1150\">Minimal \u03ba\u03b1\u03b9 \u03b4\u03b9\u03b1\u03c7\u03c1\u03bf\u03bd\u03b9\u03ba\u03cc\u03c2 \u03c3\u03c7\u03b5\u03b4\u03b9\u03b1\u03c3\u03bc\u03cc\u03c2<\/li>\n<li data-section-id=\"1lmcoqx\" data-start=\"1151\" data-end=\"1189\">\u0394\u03c5\u03bd\u03b1\u03c4\u03cc\u03c4\u03b7\u03c4\u03b1 \u03c7\u03c1\u03ae\u03c3\u03b7\u03c2 \u03bc\u03b1\u03b6\u03af \u03ae \u03be\u03b5\u03c7\u03c9\u03c1\u03b9\u03c3\u03c4\u03ac<\/li>\n<\/ul>","protected":false},"excerpt":{"rendered":"<p>\u03a3\u03b5\u03c4 <strong data-start=\"1229\" data-end=\"1263\">2 \u03c7\u03b5\u03b9\u03c1\u03bf\u03c0\u03bf\u03af\u03b7\u03c4\u03c9\u03bd \u03c4\u03c1\u03b1\u03c0\u03b5\u03b6\u03b9\u03ce\u03bd Linea<\/strong> \u03b1\u03c0\u03cc <strong data-start=\"1268\" data-end=\"1287\">\u03bc\u03b1\u03c3\u03af\u03c6 \u03be\u03cd\u03bb\u03bf Teak<\/strong>, \u03ba\u03b1\u03c4\u03ac\u03bb\u03bb\u03b7\u03bb\u03bf \u03b3\u03b9\u03b1 \u03b5\u03c3\u03c9\u03c4\u03b5\u03c1\u03b9\u03ba\u03cc \u03ba\u03b1\u03b9 \u03b5\u03be\u03c9\u03c4\u03b5\u03c1\u03b9\u03ba\u03cc \u03c7\u03ce\u03c1\u03bf.<\/p>\n<p><strong data-start=\"1333\" data-end=\"1375\">\u0394\u03b9\u03b1\u03c3\u03c4\u03ac\u03c3\u03b5\u03b9\u03c2: 116\u00d760\u00d746H &amp; 110\u00d760\u00d740H cm<\/strong>.<\/p>\n<p>Minimal design \u03bc\u03b5 \u03c5\u03c8\u03b7\u03bb\u03ae \u03b1\u03bd\u03c4\u03bf\u03c7\u03ae.<\/p>","protected":false},"featured_media":10536,"template":"","meta":[],"product_brand":[],"product_cat":[114,132],"product_tag":[],"class_list":{"0":"post-10537","1":"product","2":"type-product","3":"status-publish","4":"has-post-thumbnail","6":"product_cat-esoterikou-chorou","7":"product_cat-trapezakia-stool","8":"product_shipping_class-large","10":"first","11":"instock","12":"taxable","13":"shipping-taxable","14":"purchasable","15":"product-type-simple"},"_links":{"self":[{"href":"https:\/\/maxilaria.shop\/en\/wp-json\/wp\/v2\/product\/10537","targetHints":{"allow":["GET"]}}],"collection":[{"href":"https:\/\/maxilaria.shop\/en\/wp-json\/wp\/v2\/product"}],"about":[{"href":"https:\/\/maxilaria.shop\/en\/wp-json\/wp\/v2\/types\/product"}],"version-history":[{"count":3,"href":"https:\/\/maxilaria.shop\/en\/wp-json\/wp\/v2\/product\/10537\/revisions"}],"predecessor-version":[{"id":15344,"href":"https:\/\/maxilaria.shop\/en\/wp-json\/wp\/v2\/product\/10537\/revisions\/15344"}],"wp:featuredmedia":[{"embeddable":true,"href":"https:\/\/maxilaria.shop\/en\/wp-json\/wp\/v2\/media\/10536"}],"wp:attachment":[{"href":"https:\/\/maxilaria.shop\/en\/wp-json\/wp\/v2\/media?parent=10537"}],"wp:term":[{"taxonomy":"product_brand","embeddable":true,"href":"https:\/\/maxilaria.shop\/en\/wp-json\/wp\/v2\/product_brand?post=10537"},{"taxonomy":"product_cat","embeddable":true,"href":"https:\/\/maxilaria.shop\/en\/wp-json\/wp\/v2\/product_cat?post=10537"},{"taxonomy":"product_tag","embeddable":true,"href":"https:\/\/maxilaria.shop\/en\/wp-json\/wp\/v2\/product_tag?post=10537"}],"curies":[{"name":"wp","href":"https:\/\/api.w.org\/{rel}","templated":true}]}}