{"id":9516,"date":"2024-01-12T11:59:37","date_gmt":"2024-01-12T09:59:37","guid":{"rendered":"https:\/\/maxilaria.shop\/product\/%cf%80%ce%bf%ce%bb%cf%85%ce%b8%cf%81%cf%8c%ce%bd%ce%b1-lounge-%ce%b1%cf%80%cf%8c-%cf%86%cf%85%cf%83%ce%b9%ce%ba%cf%8c-rattan-%cf%83%ce%b5-%ce%b3%ce%ba%cf%81%ce%b9-%ce%b1%cf%80%cf%8c%cf%87%cf%81%cf%89\/"},"modified":"2026-04-03T12:18:14","modified_gmt":"2026-04-03T09:18:14","slug":"polythrona-lounge-apo-fysiko-rattan-se-gkri-apochro","status":"publish","type":"product","link":"https:\/\/maxilaria.shop\/en\/product\/polythrona-lounge-apo-fysiko-rattan-se-gkri-apochro\/","title":{"rendered":"Lounge \u03a0\u03bf\u03bb\u03c5\u03b8\u03c1\u03cc\u03bd\u03b1 \u03b1\u03c0\u03cc \u03a6\u03c5\u03c3\u03b9\u03ba\u03cc Rattan \u03c3\u03b5 \u0393\u03ba\u03c1\u03b9 \u0391\u03c0\u03cc\u03c7\u03c1\u03c9\u03c3\u03b7 \u03bc\u03b5 \u039c\u03b1\u03cd\u03c1\u03bf \u039c\u03b5\u03c4\u03b1\u03bb\u03bb\u03b9\u03ba\u03cc \u03a3\u03ba\u03b5\u03bb\u03b5\u03c4\u03cc \u2013 31715"},"content":{"rendered":"<p data-start=\"119\" data-end=\"434\">\u0397 <strong data-start=\"121\" data-end=\"147\">lounge \u03c0\u03bf\u03bb\u03c5\u03b8\u03c1\u03cc\u03bd\u03b1 31715<\/strong> \u03c3\u03c5\u03bd\u03b4\u03c5\u03ac\u03b6\u03b5\u03b9 \u03c6\u03c5\u03c3\u03b9\u03ba\u03ae \u03b1\u03b9\u03c3\u03b8\u03b7\u03c4\u03b9\u03ba\u03ae \u03ba\u03b1\u03b9 \u03bc\u03bf\u03bd\u03c4\u03ad\u03c1\u03bd\u03bf design, \u03b1\u03c0\u03bf\u03c4\u03b5\u03bb\u03ce\u03bd\u03c4\u03b1\u03c2 \u03b9\u03b4\u03b1\u03bd\u03b9\u03ba\u03ae \u03b5\u03c0\u03b9\u03bb\u03bf\u03b3\u03ae \u03b3\u03b9\u03b1 \u03b5\u03c3\u03c9\u03c4\u03b5\u03c1\u03b9\u03ba\u03bf\u03cd\u03c2 \u03ba\u03b1\u03b9 \u03b5\u03be\u03c9\u03c4\u03b5\u03c1\u03b9\u03ba\u03bf\u03cd\u03c2 \u03c7\u03ce\u03c1\u03bf\u03c5\u03c2. \u0397 \u03ba\u03b1\u03c4\u03b1\u03c3\u03ba\u03b5\u03c5\u03ae \u03b1\u03c0\u03cc <strong data-start=\"280\" data-end=\"297\">\u03c6\u03c5\u03c3\u03b9\u03ba\u03cc Rattan<\/strong> \u03c3\u03b5 \u03ba\u03bf\u03bc\u03c8\u03ae \u03b3\u03ba\u03c1\u03b9 \u03b1\u03c0\u03cc\u03c7\u03c1\u03c9\u03c3\u03b7 \u03c0\u03c1\u03bf\u03c3\u03c6\u03ad\u03c1\u03b5\u03b9 \u03b9\u03b4\u03b9\u03b1\u03af\u03c4\u03b5\u03c1\u03bf \u03c7\u03b1\u03c1\u03b1\u03ba\u03c4\u03ae\u03c1\u03b1, \u03b5\u03bd\u03ce \u03bf <strong data-start=\"358\" data-end=\"388\">\u03bc\u03b1\u03cd\u03c1\u03bf\u03c2 \u03bc\u03b5\u03c4\u03b1\u03bb\u03bb\u03b9\u03ba\u03cc\u03c2 \u03c3\u03ba\u03b5\u03bb\u03b5\u03c4\u03cc\u03c2<\/strong> \u03b5\u03be\u03b1\u03c3\u03c6\u03b1\u03bb\u03af\u03b6\u03b5\u03b9 \u03c3\u03c4\u03b1\u03b8\u03b5\u03c1\u03cc\u03c4\u03b7\u03c4\u03b1 \u03ba\u03b1\u03b9 \u03b1\u03bd\u03c4\u03bf\u03c7\u03ae \u03c3\u03c4\u03b7 \u03c7\u03c1\u03ae\u03c3\u03b7.<\/p>\n<p data-start=\"436\" data-end=\"745\">\u03a4\u03bf <strong data-start=\"439\" data-end=\"449\">Rattan<\/strong> \u03b5\u03af\u03bd\u03b1\u03b9 \u03ad\u03bd\u03b1 \u03b1\u03c0\u03cc \u03c4\u03b1 \u03c0\u03b9\u03bf \u03b4\u03b7\u03bc\u03bf\u03c6\u03b9\u03bb\u03ae \u03c6\u03c5\u03c3\u03b9\u03ba\u03ac \u03c5\u03bb\u03b9\u03ba\u03ac \u03b3\u03b9\u03b1 \u03c0\u03bb\u03b5\u03ba\u03c4\u03ad\u03c2 \u03ba\u03b1\u03c4\u03b1\u03c3\u03ba\u03b5\u03c5\u03ad\u03c2, \u03ba\u03b1\u03b8\u03ce\u03c2 \u03b5\u03af\u03bd\u03b1\u03b9 \u03b5\u03bb\u03b1\u03c6\u03c1\u03cd \u03b1\u03bb\u03bb\u03ac \u03c4\u03b1\u03c5\u03c4\u03cc\u03c7\u03c1\u03bf\u03bd\u03b1 \u03b9\u03b4\u03b9\u03b1\u03af\u03c4\u03b5\u03c1\u03b1 \u03b1\u03bd\u03b8\u03b5\u03ba\u03c4\u03b9\u03ba\u03cc. \u0397 <strong data-start=\"575\" data-end=\"600\">\u03c7\u03b5\u03b9\u03c1\u03bf\u03c0\u03bf\u03af\u03b7\u03c4\u03b7 \u03ba\u03b1\u03c4\u03b1\u03c3\u03ba\u03b5\u03c5\u03ae<\/strong> \u03c4\u03bf\u03c5 \u03c7\u03b1\u03c1\u03af\u03b6\u03b5\u03b9 \u03bc\u03bf\u03bd\u03b1\u03b4\u03b9\u03ba\u03cc\u03c4\u03b7\u03c4\u03b1 \u03c3\u03b5 \u03ba\u03ac\u03b8\u03b5 \u03ba\u03bf\u03bc\u03bc\u03ac\u03c4\u03b9, \u03bc\u03b5 \u03bc\u03b9\u03ba\u03c1\u03ad\u03c2 \u03c6\u03c5\u03c3\u03b9\u03ba\u03ad\u03c2 \u03b4\u03b9\u03b1\u03c6\u03bf\u03c1\u03bf\u03c0\u03bf\u03b9\u03ae\u03c3\u03b5\u03b9\u03c2 \u03c0\u03bf\u03c5 \u03b1\u03c0\u03bf\u03c4\u03b5\u03bb\u03bf\u03cd\u03bd \u03c7\u03b1\u03c1\u03b1\u03ba\u03c4\u03b7\u03c1\u03b9\u03c3\u03c4\u03b9\u03ba\u03cc \u03b3\u03bd\u03ce\u03c1\u03b9\u03c3\u03bc\u03b1 \u03c4\u03b7\u03c2 \u03b1\u03c5\u03b8\u03b5\u03bd\u03c4\u03b9\u03ba\u03cc\u03c4\u03b7\u03c4\u03b1\u03c2 \u03c4\u03bf\u03c5 \u03c5\u03bb\u03b9\u03ba\u03bf\u03cd.<\/p>\n<p data-start=\"747\" data-end=\"892\">\u0397 \u03c0\u03bf\u03bb\u03c5\u03b8\u03c1\u03cc\u03bd\u03b1 \u03b1\u03c0\u03bf\u03c4\u03b5\u03bb\u03b5\u03af \u03b5\u03be\u03b1\u03b9\u03c1\u03b5\u03c4\u03b9\u03ba\u03ae \u03b5\u03c0\u03b9\u03bb\u03bf\u03b3\u03ae \u03b3\u03b9\u03b1 <strong data-start=\"791\" data-end=\"851\">\u03c3\u03b1\u03bb\u03cc\u03bd\u03b9\u03b1, \u03b2\u03b5\u03c1\u03ac\u03bd\u03c4\u03b5\u03c2, \u03be\u03b5\u03bd\u03bf\u03b4\u03bf\u03c7\u03b5\u03af\u03b1 \u03ba\u03b1\u03b9 \u03b5\u03c0\u03b1\u03b3\u03b3\u03b5\u03bb\u03bc\u03b1\u03c4\u03b9\u03ba\u03bf\u03cd\u03c2 \u03c7\u03ce\u03c1\u03bf\u03c5\u03c2<\/strong>, \u03c0\u03c1\u03bf\u03c3\u03c6\u03ad\u03c1\u03bf\u03bd\u03c4\u03b1\u03c2 \u03ac\u03bd\u03b5\u03c3\u03b7 \u03ba\u03b1\u03b9 \u03b4\u03b9\u03b1\u03c7\u03c1\u03bf\u03bd\u03b9\u03ba\u03cc \u03c3\u03c4\u03c5\u03bb.<\/p>\n<h3 data-section-id=\"eav3xc\" data-start=\"894\" data-end=\"920\">\u0394\u03b9\u03b1\u03c3\u03c4\u03ac\u03c3\u03b5\u03b9\u03c2 \u03c0\u03c1\u03bf\u03ca\u03cc\u03bd\u03c4\u03bf\u03c2<\/h3>\n<p data-start=\"921\" data-end=\"968\">\u0394\u03b9\u03ac\u03bc\u03b5\u03c4\u03c1\u03bf\u03c2: 80 cm<br data-start=\"937\" data-end=\"940\" \/>\u0392\u03ac\u03b8\u03bf\u03c2: 70 cm<br data-start=\"952\" data-end=\"955\" \/>\u038e\u03c8\u03bf\u03c2: 75 cm<\/p>\n<h3 data-section-id=\"rpbuih\" data-start=\"970\" data-end=\"990\">\u03a7\u03b1\u03c1\u03b1\u03ba\u03c4\u03b7\u03c1\u03b9\u03c3\u03c4\u03b9\u03ba\u03ac<\/h3>\n<ul data-start=\"991\" data-end=\"1238\">\n<li data-section-id=\"u44slb\" data-start=\"991\" data-end=\"1026\">\u039a\u03b1\u03c4\u03b1\u03c3\u03ba\u03b5\u03c5\u03ae \u03b1\u03c0\u03cc <strong data-start=\"1007\" data-end=\"1024\">\u03c6\u03c5\u03c3\u03b9\u03ba\u03cc Rattan<\/strong><\/li>\n<li data-section-id=\"18fi4on\" data-start=\"1027\" data-end=\"1072\"><strong data-start=\"1029\" data-end=\"1052\">\u039c\u03b5\u03c4\u03b1\u03bb\u03bb\u03b9\u03ba\u03cc\u03c2 \u03c3\u03ba\u03b5\u03bb\u03b5\u03c4\u03cc\u03c2<\/strong> \u03c3\u03b5 \u03bc\u03b1\u03cd\u03c1\u03b7 \u03b1\u03c0\u03cc\u03c7\u03c1\u03c9\u03c3\u03b7<\/li>\n<li data-section-id=\"1kjvh71\" data-start=\"1073\" data-end=\"1116\">\u03a7\u03b5\u03b9\u03c1\u03bf\u03c0\u03bf\u03af\u03b7\u03c4\u03b7 \u03c0\u03bb\u03ad\u03be\u03b7 \u03bc\u03b5 \u03bc\u03bf\u03bd\u03b1\u03b4\u03b9\u03ba\u03cc \u03c7\u03b1\u03c1\u03b1\u03ba\u03c4\u03ae\u03c1\u03b1<\/li>\n<li data-section-id=\"11n5a79\" data-start=\"1117\" data-end=\"1152\">\u03a3\u03c4\u03b1\u03b8\u03b5\u03c1\u03ae \u03ba\u03b1\u03b9 \u03b1\u03bd\u03b8\u03b5\u03ba\u03c4\u03b9\u03ba\u03ae \u03ba\u03b1\u03c4\u03b1\u03c3\u03ba\u03b5\u03c5\u03ae<\/li>\n<li data-section-id=\"1g6gkzr\" data-start=\"1153\" data-end=\"1201\">\u039a\u03b1\u03c4\u03ac\u03bb\u03bb\u03b7\u03bb\u03b7 \u03b3\u03b9\u03b1 <strong data-start=\"1169\" data-end=\"1199\">\u03b5\u03c3\u03c9\u03c4\u03b5\u03c1\u03b9\u03ba\u03cc &amp; \u03b5\u03be\u03c9\u03c4\u03b5\u03c1\u03b9\u03ba\u03cc \u03c7\u03ce\u03c1\u03bf<\/strong><\/li>\n<li data-section-id=\"1twvexp\" data-start=\"1202\" data-end=\"1238\">\u039c\u03bf\u03bd\u03c4\u03ad\u03c1\u03bd\u03bf\u03c2 \u03ba\u03b1\u03b9 \u03c6\u03c5\u03c3\u03b9\u03ba\u03cc\u03c2 \u03c3\u03c7\u03b5\u03b4\u03b9\u03b1\u03c3\u03bc\u03cc\u03c2<\/li>\n<\/ul>","protected":false},"excerpt":{"rendered":"<div class=\"flex flex-col text-sm pb-25\">\n<section class=\"text-token-text-primary w-full focus:outline-none [--shadow-height:45px] has-data-writing-block:pointer-events-none has-data-writing-block:-mt-(--shadow-height) has-data-writing-block:pt-(--shadow-height) [&amp;:has([data-writing-block])&gt;*]:pointer-events-auto scroll-mt-[calc(var(--header-height)+min(200px,max(70px,20svh)))]\" dir=\"auto\" data-turn-id=\"request-69a6a4fc-6158-8386-81c9-b1e508609af9-4\" data-testid=\"conversation-turn-352\" data-scroll-anchor=\"true\" data-turn=\"assistant\">\n<div class=\"text-base my-auto mx-auto pb-10 [--thread-content-margin:var(--thread-content-margin-xs,calc(var(--spacing)*4))] @w-sm\/main:[--thread-content-margin:var(--thread-content-margin-sm,calc(var(--spacing)*6))] @w-lg\/main:[--thread-content-margin:var(--thread-content-margin-lg,calc(var(--spacing)*16))] px-(--thread-content-margin)\">\n<div class=\"[--thread-content-max-width:40rem] @w-lg\/main:[--thread-content-max-width:48rem] mx-auto max-w-(--thread-content-max-width) flex-1 group\/turn-messages focus-visible:outline-hidden relative flex w-full min-w-0 flex-col agent-turn\">\n<div class=\"flex max-w-full flex-col gap-4 grow\">\n<div class=\"min-h-8 text-message relative flex w-full flex-col items-end gap-2 text-start break-words whitespace-normal outline-none keyboard-focused:focus-ring [.text-message+&amp;]:mt-1\" dir=\"auto\" tabindex=\"0\" data-message-author-role=\"assistant\" data-message-id=\"8b4b64fb-3726-4b5a-a239-63c5d671f40d\" data-message-model-slug=\"gpt-5-3\" data-turn-start-message=\"true\">\n<div class=\"flex w-full flex-col gap-1 empty:hidden\">\n<div class=\"markdown prose dark:prose-invert w-full wrap-break-word light markdown-new-styling\">\n<p data-start=\"1274\" data-end=\"1409\" data-is-last-node=\"\" data-is-only-node=\"\">\u0397 <strong data-start=\"1276\" data-end=\"1335\">lounge \u03c0\u03bf\u03bb\u03c5\u03b8\u03c1\u03cc\u03bd\u03b1 \u03b1\u03c0\u03cc \u03c6\u03c5\u03c3\u03b9\u03ba\u03cc Rattan \u03bc\u03b5 \u03bc\u03b5\u03c4\u03b1\u03bb\u03bb\u03b9\u03ba\u03cc \u03c3\u03ba\u03b5\u03bb\u03b5\u03c4\u03cc<\/strong> \u03c0\u03c1\u03bf\u03c3\u03c6\u03ad\u03c1\u03b5\u03b9 \u03bc\u03bf\u03bd\u03c4\u03ad\u03c1\u03bd\u03b1 \u03b1\u03b9\u03c3\u03b8\u03b7\u03c4\u03b9\u03ba\u03ae \u03ba\u03b1\u03b9 \u03ac\u03bd\u03b5\u03c3\u03b7.<\/p>\n<p data-start=\"1274\" data-end=\"1409\" data-is-last-node=\"\" data-is-only-node=\"\"><strong data-start=\"1376\" data-end=\"1408\">\u0394\u03b9\u03b1\u03c3\u03c4\u03ac\u03c3\u03b5\u03b9\u03c2: \u00d880 \u00d7 70 \u00d7 75 cm<\/strong>.<\/p>\n<\/div>\n<\/div>\n<\/div>\n<\/div>\n<div class=\"z-0 flex min-h-[46px] justify-start\"><\/div>\n<div class=\"mt-3 w-full empty:hidden\">\n<div class=\"text-center\"><\/div>\n<\/div>\n<\/div>\n<\/div>\n<\/section>\n<\/div>\n<div class=\"pointer-events-none h-px w-px absolute bottom-0\" aria-hidden=\"true\" data-edge=\"true\"><\/div>\n","protected":false},"featured_media":9515,"template":"","meta":[],"product_brand":[],"product_cat":[120],"product_tag":[],"class_list":{"0":"post-9516","1":"product","2":"type-product","3":"status-publish","4":"has-post-thumbnail","6":"product_cat-polythrones-karekles","7":"product_shipping_class-large","9":"first","10":"instock","11":"taxable","12":"shipping-taxable","13":"purchasable","14":"product-type-simple"},"_links":{"self":[{"href":"https:\/\/maxilaria.shop\/en\/wp-json\/wp\/v2\/product\/9516","targetHints":{"allow":["GET"]}}],"collection":[{"href":"https:\/\/maxilaria.shop\/en\/wp-json\/wp\/v2\/product"}],"about":[{"href":"https:\/\/maxilaria.shop\/en\/wp-json\/wp\/v2\/types\/product"}],"version-history":[{"count":3,"href":"https:\/\/maxilaria.shop\/en\/wp-json\/wp\/v2\/product\/9516\/revisions"}],"predecessor-version":[{"id":15291,"href":"https:\/\/maxilaria.shop\/en\/wp-json\/wp\/v2\/product\/9516\/revisions\/15291"}],"wp:featuredmedia":[{"embeddable":true,"href":"https:\/\/maxilaria.shop\/en\/wp-json\/wp\/v2\/media\/9515"}],"wp:attachment":[{"href":"https:\/\/maxilaria.shop\/en\/wp-json\/wp\/v2\/media?parent=9516"}],"wp:term":[{"taxonomy":"product_brand","embeddable":true,"href":"https:\/\/maxilaria.shop\/en\/wp-json\/wp\/v2\/product_brand?post=9516"},{"taxonomy":"product_cat","embeddable":true,"href":"https:\/\/maxilaria.shop\/en\/wp-json\/wp\/v2\/product_cat?post=9516"},{"taxonomy":"product_tag","embeddable":true,"href":"https:\/\/maxilaria.shop\/en\/wp-json\/wp\/v2\/product_tag?post=9516"}],"curies":[{"name":"wp","href":"https:\/\/api.w.org\/{rel}","templated":true}]}}